{"id":52,"date":"2025-07-09T20:15:21","date_gmt":"2025-07-09T20:15:21","guid":{"rendered":"https:\/\/acurio.nl\/index.php\/about\/"},"modified":"2025-09-04T07:52:51","modified_gmt":"2025-09-04T07:52:51","slug":"about","status":"publish","type":"page","link":"https:\/\/acurio.nl\/index.php\/about\/","title":{"rendered":"About"},"content":{"rendered":"\t\t<div data-elementor-type=\"wp-page\" data-elementor-id=\"52\" class=\"elementor elementor-52\">\n\t\t\t\t<div class=\"elementor-element elementor-element-715e2f63 e-flex e-con-boxed e-con e-parent\" data-id=\"715e2f63\" data-element_type=\"container\" data-settings=\"{&quot;background_background&quot;:&quot;gradient&quot;,&quot;shape_divider_bottom&quot;:&quot;waves&quot;}\">\n\t\t\t\t\t<div class=\"e-con-inner\">\n\t\t\t\t<div class=\"elementor-shape elementor-shape-bottom\" aria-hidden=\"true\" data-negative=\"false\">\n\t\t\t<svg xmlns=\"http:\/\/www.w3.org\/2000\/svg\" viewBox=\"0 0 1000 100\" preserveAspectRatio=\"none\">\n\t<path class=\"elementor-shape-fill\" d=\"M421.9,6.5c22.6-2.5,51.5,0.4,75.5,5.3c23.6,4.9,70.9,23.5,100.5,35.7c75.8,32.2,133.7,44.5,192.6,49.7\n\tc23.6,2.1,48.7,3.5,103.4-2.5c54.7-6,106.2-25.6,106.2-25.6V0H0v30.3c0,0,72,32.6,158.4,30.5c39.2-0.7,92.8-6.7,134-22.4\n\tc21.2-8.1,52.2-18.2,79.7-24.2C399.3,7.9,411.6,7.5,421.9,6.5z\"\/>\n<\/svg>\t\t<\/div>\n\t\t\t\t<div class=\"elementor-element elementor-element-167022d3 elementor-widget elementor-widget-heading\" data-id=\"167022d3\" data-element_type=\"widget\" data-widget_type=\"heading.default\">\n\t\t\t\t\t<h1 class=\"elementor-heading-title elementor-size-default\">Over ons<\/h1>\t\t\t\t<\/div>\n\t\t\t\t<div class=\"elementor-element elementor-element-00170dd elementor-widget__width-initial elementor-widget elementor-widget-heading\" data-id=\"00170dd\" data-element_type=\"widget\" data-widget_type=\"heading.default\">\n\t\t\t\t\t<h3 class=\"elementor-heading-title elementor-size-default\"><p data-start=\"182\" data-end=\"441\">Acurio is opgericht door Ren\u00e9 Glashouwer. Na een administratieve opleiding werkte hij bijna twintig jaar in de bancaire sector, waar hij verschillende commerci\u00eble en leidinggevende functies vervulde. In deze periode deed hij brede ervaring op in financi\u00ebn, klantrelaties en het aansturen van teams.<\/p><p style=\"margin-bottom:0cm\">\n<\/p><p data-start=\"443\" data-end=\"634\">Daarna koos hij voor het ondernemerschap en startte een eigen B2B-bedrijf. Na zijn emigratie naar Spanje richtte hij zich op het beheer en onderhoud van tweede woningen aan de Costa Blanca.<\/p><p style=\"margin-bottom:0cm\">\n<\/p><p data-start=\"636\" data-end=\"891\">Met de start van Acurio komen al deze facetten samen: <strong data-start=\"690\" data-end=\"739\">financi\u00ebn, dienstverlening en ondernemerschap<\/strong>. Dankzij de huidige technologie\u00ebn kan Ren\u00e9 zijn expertise volledig op afstand inzetten en kantoren effici\u00ebnt ondersteunen, waar ze zich ook bevinden.<\/p><p style=\"margin-bottom:0cm\">\n\n<\/p>\n<\/h3>\t\t\t\t<\/div>\n\t\t\t\t\t<\/div>\n\t\t\t\t<\/div>\n\t\t<div class=\"elementor-element elementor-element-764226e6 e-con-full e-flex e-con e-parent\" data-id=\"764226e6\" data-element_type=\"container\">\n\t\t\t\t<div class=\"elementor-element elementor-element-460d7960 elementor-widget elementor-widget-zigzag\" data-id=\"460d7960\" data-element_type=\"widget\" data-settings=\"{&quot;image_shape&quot;:&quot;sharp&quot;}\" data-widget_type=\"zigzag.default\">\n\t\t\t\t<div class=\"elementor-widget-container\">\n\t\t\t\t\t\t\t<div class=\"ehp-zigzag has-direction-start\">\n\t\t\t\t\t\t\t<div class=\"ehp-zigzag__item-wrapper\">\n\t\t\t\t\t<div class=\"ehp-zigzag__item-container\">\n\t\t\t\t\t\t\t\t<div class=\"ehp-zigzag__graphic-element-container has-image\">\n\t\t\t\t\t\t<div class=\"ehp-image ehp-zigzag__image-container\">\n\t\t\t\t<img decoding=\"async\" class=\"ehp-image__img ehp-zigzag__img has-shape-sharp shape-type-image\" src=\"https:\/\/acurio.nl\/wp-content\/uploads\/2025\/07\/Post-1.png\" title=\"Post-1.png\" alt=\"Post-1.png\" loading=\"lazy\" \/>\t\t\t<\/div>\n\t\t\t\t\t<\/div>\n\t\t\t\t<div class=\"ehp-zigzag__text-container is-graphic-image\">\n\t\t\t<h2 class=\"ehp-zigzag__title\">Op afstand<\/h2><p class=\"ehp-zigzag__description\">Bij Acurio werken we volledig op afstand. Contact verloopt digitaal \u2013 via mail, chat of videogesprek \u2013 waardoor we altijd snel en eenvoudig bereikbaar zijn. Uiteraard kunnen we elkaar persoonlijk ontmoeten voor een kennismaking, evaluatie of de start van een nieuw project.\n<\/p>\t\t<div class=\"ehp-zigzag__button-container\">\n\t\t\t<a class=\"ehp-button ehp-button--primary ehp-zigzag__button ehp-zigzag__button--primary is-type-link\" href=\"https:\/\/acurio.nl\/index.php\/services\/\">\n\t\t\t\t<svg aria-hidden=\"true\" class=\"ehp-button__icon e-font-icon-svg e-fas-arrow-right\" 0=\"ehp-zigzag__button-icon\" viewBox=\"0 0 448 512\" xmlns=\"http:\/\/www.w3.org\/2000\/svg\"><path d=\"M190.5 66.9l22.2-22.2c9.4-9.4 24.6-9.4 33.9 0L441 239c9.4 9.4 9.4 24.6 0 33.9L246.6 467.3c-9.4 9.4-24.6 9.4-33.9 0l-22.2-22.2c-9.5-9.5-9.3-25 .4-34.3L311.4 296H24c-13.3 0-24-10.7-24-24v-32c0-13.3 10.7-24 24-24h287.4L190.9 101.2c-9.8-9.3-10-24.8-.4-34.3z\"><\/path><\/svg><span class=\"ehp-zigzag__button-text\">meer weten?<\/span>\t\t\t\t\t<\/a>\n\t\t<\/div>\n\t\t\t\t<\/div>\n\t\t\t\t\t\t\t<\/div>\n\t\t\t\t<\/div>\n\t\t\t\t\t\t\t\t<div class=\"ehp-zigzag__item-wrapper\">\n\t\t\t\t\t<div class=\"ehp-zigzag__item-container\">\n\t\t\t\t\t\t\t\t<div class=\"ehp-zigzag__graphic-element-container has-image\">\n\t\t\t\t\t\t<div class=\"ehp-image ehp-zigzag__image-container ehp-image ehp-zigzag__image-container\">\n\t\t\t\t<img decoding=\"async\" class=\"ehp-image__img ehp-zigzag__img has-shape-sharp shape-type-image\" src=\"https:\/\/acurio.nl\/wp-content\/uploads\/2025\/07\/About-Page-intro-pic.png\" title=\"About-Page-intro-pic.png\" alt=\"About-Page-intro-pic.png\" loading=\"lazy\" \/>\t\t\t<\/div>\n\t\t\t\t\t<\/div>\n\t\t\t\t<div class=\"ehp-zigzag__text-container is-graphic-image\">\n\t\t\t<h2 class=\"ehp-zigzag__title\">Ruimte<\/h2><p class=\"ehp-zigzag__description\">Omdat we geen fysieke ruimte innemen op uw kantoor, bespaart u kosten. Bovendien betaalt u alleen voor de tijd die we daadwerkelijk aan uw bedrijf of project besteden \u2013 helder en transparant.\n\nDankzij deze manier van werken kunnen wij vanuit Spanje onze diensten leveren tegen sterk concurrerende tarieven, zonder dat dit ten koste gaat van kwaliteit of betrokkenheid.<\/p>\t\t<div class=\"ehp-zigzag__button-container ehp-zigzag__button-container\">\n\t\t\t<a class=\"ehp-button ehp-button--primary ehp-zigzag__button ehp-zigzag__button--primary is-type-link\" href=\"https:\/\/acurio.nl\/index.php\/services\/\">\n\t\t\t\t<svg aria-hidden=\"true\" class=\"ehp-button__icon e-font-icon-svg e-fas-arrow-right\" 0=\"ehp-zigzag__button-icon\" viewBox=\"0 0 448 512\" xmlns=\"http:\/\/www.w3.org\/2000\/svg\"><path d=\"M190.5 66.9l22.2-22.2c9.4-9.4 24.6-9.4 33.9 0L441 239c9.4 9.4 9.4 24.6 0 33.9L246.6 467.3c-9.4 9.4-24.6 9.4-33.9 0l-22.2-22.2c-9.5-9.5-9.3-25 .4-34.3L311.4 296H24c-13.3 0-24-10.7-24-24v-32c0-13.3 10.7-24 24-24h287.4L190.9 101.2c-9.8-9.3-10-24.8-.4-34.3z\"><\/path><\/svg><span class=\"ehp-zigzag__button-text\">meer weten?<\/span>\t\t\t\t\t<\/a>\n\t\t<\/div>\n\t\t\t\t<\/div>\n\t\t\t\t\t\t\t<\/div>\n\t\t\t\t<\/div>\n\t\t\t\t\t\t\t<\/div>\n\t\t\t\t\t\t<\/div>\n\t\t\t\t<\/div>\n\t\t\t\t<\/div>\n\t\t<div class=\"elementor-element elementor-element-40cba820 e-flex e-con-boxed e-con e-parent\" data-id=\"40cba820\" data-element_type=\"container\" data-settings=\"{&quot;background_background&quot;:&quot;gradient&quot;,&quot;shape_divider_top&quot;:&quot;waves&quot;}\">\n\t\t\t\t\t<div class=\"e-con-inner\">\n\t\t\t\t<div class=\"elementor-shape elementor-shape-top\" aria-hidden=\"true\" data-negative=\"false\">\n\t\t\t<svg xmlns=\"http:\/\/www.w3.org\/2000\/svg\" viewBox=\"0 0 1000 100\" preserveAspectRatio=\"none\">\n\t<path class=\"elementor-shape-fill\" d=\"M421.9,6.5c22.6-2.5,51.5,0.4,75.5,5.3c23.6,4.9,70.9,23.5,100.5,35.7c75.8,32.2,133.7,44.5,192.6,49.7\n\tc23.6,2.1,48.7,3.5,103.4-2.5c54.7-6,106.2-25.6,106.2-25.6V0H0v30.3c0,0,72,32.6,158.4,30.5c39.2-0.7,92.8-6.7,134-22.4\n\tc21.2-8.1,52.2-18.2,79.7-24.2C399.3,7.9,411.6,7.5,421.9,6.5z\"\/>\n<\/svg>\t\t<\/div>\n\t\t<div class=\"elementor-element elementor-element-6ccf696a e-con-full e-flex e-con e-child\" data-id=\"6ccf696a\" data-element_type=\"container\">\n\t\t\t\t<div class=\"elementor-element elementor-element-5d6fff93 elementor-widget elementor-widget-cta\" data-id=\"5d6fff93\" data-element_type=\"widget\" data-settings=\"{&quot;primary_button_shape&quot;:&quot;round&quot;,&quot;layout_preset&quot;:&quot;focus&quot;,&quot;cta_vertical_position&quot;:&quot;start&quot;,&quot;box_shape&quot;:&quot;sharp&quot;}\" data-widget_type=\"cta.default\">\n\t\t\t\t<div class=\"elementor-widget-container\">\n\t\t\t\t\t\t\t<div class=\"has-shape-sharp shape-type-box ehp-cta has-preset-focus\">\n\t\t\t<div class=\"ehp-cta__overlay\"><\/div>\n\t\t\t<div class=\"ehp-cta__elements-container\">\n\t\t\t\t\t\t<div class=\"ehp-cta__text-container\">\n\t\t\t<h2 class=\"ehp-cta__heading\">Wilt u blijven groeien?<\/h2><p class=\"ehp-cta__description\">Samen werken aan ruimte<\/p>\t\t<\/div>\n\t\t\t\t\t<div class=\"ehp-cta__ctas-container\">\n\t\t\t\t<div class=\"ehp-cta__buttons-wrapper\">\n\t\t\t\t\t\t\t<a class=\"has-shape-round shape-type-button ehp-button ehp-button--primary ehp-cta__button ehp-cta__button--primary is-type-button\" href=\"https:\/\/library.elementor.com\/marketing-digital-agency-hp\/contact-us\/\">\n\t\t\t<svg aria-hidden=\"true\" class=\"ehp-button__icon e-font-icon-svg e-fas-arrow-right\" 0=\"ehp-cta__button-icon\" viewBox=\"0 0 448 512\" xmlns=\"http:\/\/www.w3.org\/2000\/svg\"><path d=\"M190.5 66.9l22.2-22.2c9.4-9.4 24.6-9.4 33.9 0L441 239c9.4 9.4 9.4 24.6 0 33.9L246.6 467.3c-9.4 9.4-24.6 9.4-33.9 0l-22.2-22.2c-9.5-9.5-9.3-25 .4-34.3L311.4 296H24c-13.3 0-24-10.7-24-24v-32c0-13.3 10.7-24 24-24h287.4L190.9 101.2c-9.8-9.3-10-24.8-.4-34.3z\"><\/path><\/svg>\t\t<span class=\"ehp-button__text ehp-cta__button-text ehp-cta__button-text--primary\">\n\t\t\tContact us\t\t\t\t<\/a>\n\t\t\t\t\t\t\t\t\t\t\t<\/div>\n\t\t\t<\/div>\n\t\t\t\t\t<\/div>\n\t\t<\/div>\n\t\t\t\t\t\t<\/div>\n\t\t\t\t<\/div>\n\t\t\t\t<\/div>\n\t\t<div class=\"elementor-element elementor-element-15f9ea25 e-con-full e-flex e-con e-child\" data-id=\"15f9ea25\" data-element_type=\"container\">\n\t\t\t\t<div class=\"elementor-element elementor-element-5fd47990 elementor-widget elementor-widget-image\" data-id=\"5fd47990\" data-element_type=\"widget\" data-widget_type=\"image.default\">\n\t\t\t\t\t\t\t\t\t\t\t\t\t\t\t<img fetchpriority=\"high\" decoding=\"async\" width=\"539\" height=\"539\" src=\"https:\/\/acurio.nl\/wp-content\/uploads\/2025\/07\/CTA-About-new.png\" class=\"attachment-full size-full wp-image-65\" alt=\"\" srcset=\"https:\/\/acurio.nl\/wp-content\/uploads\/2025\/07\/CTA-About-new.png 539w, https:\/\/acurio.nl\/wp-content\/uploads\/2025\/07\/CTA-About-new-300x300.png 300w, https:\/\/acurio.nl\/wp-content\/uploads\/2025\/07\/CTA-About-new-150x150.png 150w\" sizes=\"(max-width: 539px) 100vw, 539px\" \/>\t\t\t\t\t\t\t\t\t\t\t\t\t\t\t<\/div>\n\t\t\t\t<\/div>\n\t\t\t\t\t<\/div>\n\t\t\t\t<\/div>\n\t\t<div class=\"elementor-element elementor-element-e480148 e-flex e-con-boxed e-con e-parent\" data-id=\"e480148\" data-element_type=\"container\">\n\t\t\t\t\t<div class=\"e-con-inner\">\n\t\t\t\t\t<\/div>\n\t\t\t\t<\/div>\n\t\t\t\t<\/div>\n\t\t","protected":false},"excerpt":{"rendered":"<p>Over ons Acurio is opgericht door Ren\u00e9 Glashouwer. Na een administratieve opleiding werkte hij bijna twintig jaar in de bancaire sector, waar hij verschillende commerci\u00eble en leidinggevende functies vervulde. In deze periode deed hij brede ervaring op in financi\u00ebn, klantrelaties en het aansturen van teams. Daarna koos hij voor het ondernemerschap en startte een eigen [&hellip;]<\/p>\n","protected":false},"author":1,"featured_media":0,"parent":0,"menu_order":0,"comment_status":"closed","ping_status":"closed","template":"elementor_header_footer","meta":{"footnotes":""},"class_list":["post-52","page","type-page","status-publish","hentry"],"_links":{"self":[{"href":"https:\/\/acurio.nl\/index.php\/wp-json\/wp\/v2\/pages\/52","targetHints":{"allow":["GET"]}}],"collection":[{"href":"https:\/\/acurio.nl\/index.php\/wp-json\/wp\/v2\/pages"}],"about":[{"href":"https:\/\/acurio.nl\/index.php\/wp-json\/wp\/v2\/types\/page"}],"author":[{"embeddable":true,"href":"https:\/\/acurio.nl\/index.php\/wp-json\/wp\/v2\/users\/1"}],"replies":[{"embeddable":true,"href":"https:\/\/acurio.nl\/index.php\/wp-json\/wp\/v2\/comments?post=52"}],"version-history":[{"count":37,"href":"https:\/\/acurio.nl\/index.php\/wp-json\/wp\/v2\/pages\/52\/revisions"}],"predecessor-version":[{"id":265,"href":"https:\/\/acurio.nl\/index.php\/wp-json\/wp\/v2\/pages\/52\/revisions\/265"}],"wp:attachment":[{"href":"https:\/\/acurio.nl\/index.php\/wp-json\/wp\/v2\/media?parent=52"}],"curies":[{"name":"wp","href":"https:\/\/api.w.org\/{rel}","templated":true}]}}